{"id":13,"date":"2024-03-27T16:49:05","date_gmt":"2024-03-27T15:49:05","guid":{"rendered":"https:\/\/kindnessforkitties.charity\/?page_id=13"},"modified":"2025-11-16T22:50:09","modified_gmt":"2025-11-16T21:50:09","slug":"about-us","status":"publish","type":"page","link":"https:\/\/kindnessforkitties.charity\/de\/about-us\/","title":{"rendered":"\u00dcber mich"},"content":{"rendered":"<div data-elementor-type=\"wp-page\" data-elementor-id=\"13\" class=\"elementor elementor-13\">\n\t\t\t\t<div class=\"elementor-element elementor-element-05a4eee e-flex e-con-boxed e-con e-parent\" data-id=\"05a4eee\" data-element_type=\"container\">\n\t\t\t\t\t<div class=\"e-con-inner\">\n\t\t<div class=\"elementor-element elementor-element-e0b9c4a e-grid e-con-boxed e-con e-child\" data-id=\"e0b9c4a\" data-element_type=\"container\">\n\t\t\t\t\t<div class=\"e-con-inner\">\n\t\t\t\t<div class=\"elementor-element elementor-element-57e85ce elementor-widget elementor-widget-text-editor\" data-id=\"57e85ce\" data-element_type=\"widget\" data-widget_type=\"text-editor.default\">\n\t\t\t\t<div class=\"elementor-widget-container\">\n\t\t\t\t\t\t\t\t\t<h4 style=\"text-align: left;\">In a world where you can be anything, be kind.<\/h4>\t\t\t\t\t\t\t\t<\/div>\n\t\t\t\t<\/div>\n\t\t\t\t<div class=\"elementor-element elementor-element-ff3498c elementor-widget elementor-widget-image\" data-id=\"ff3498c\" data-element_type=\"widget\" data-widget_type=\"image.default\">\n\t\t\t\t<div class=\"elementor-widget-container\">\n\t\t\t\t\t\t\t\t\t\t\t\t\t\t\t<img decoding=\"async\" width=\"496\" height=\"98\" src=\"https:\/\/kindnessforkitties.charity\/wp-content\/uploads\/2024\/03\/Cat-at-the-vet-from-umut-one-eye.jpg\" class=\"attachment-large size-large wp-image-28\" alt=\"\" srcset=\"https:\/\/kindnessforkitties.charity\/wp-content\/uploads\/2024\/03\/Cat-at-the-vet-from-umut-one-eye.jpg 496w, https:\/\/kindnessforkitties.charity\/wp-content\/uploads\/2024\/03\/Cat-at-the-vet-from-umut-one-eye-300x59.jpg 300w\" sizes=\"(max-width: 496px) 100vw, 496px\" \/>\t\t\t\t\t\t\t\t\t\t\t\t\t\t\t<\/div>\n\t\t\t\t<\/div>\n\t\t\t\t\t<\/div>\n\t\t\t\t<\/div>\n\t\t\t\t\t<\/div>\n\t\t\t\t<\/div>\n\t\t<div class=\"elementor-element elementor-element-1ccf74d e-flex e-con-boxed e-con e-parent\" data-id=\"1ccf74d\" data-element_type=\"container\">\n\t\t\t\t\t<div class=\"e-con-inner\">\n\t\t\t\t<div class=\"elementor-element elementor-element-2c17531 elementor-align-center elementor-widget elementor-widget-button\" data-id=\"2c17531\" data-element_type=\"widget\" data-widget_type=\"button.default\">\n\t\t\t\t<div class=\"elementor-widget-container\">\n\t\t\t\t\t\t\t\t\t<div class=\"elementor-button-wrapper\">\n\t\t\t\t\t<a class=\"elementor-button elementor-button-link elementor-size-sm\" href=\"https:\/\/www.betterplace.org\/de\/projects\/164699-unterstuetze-kindness-for-kitties-e-v-allgemein\">\n\t\t\t\t\t\t<span class=\"elementor-button-content-wrapper\">\n\t\t\t\t\t\t\t\t\t<span class=\"elementor-button-text\">Spende f\u00fcr Kindness for Kitties e.V.<\/span>\n\t\t\t\t\t<\/span>\n\t\t\t\t\t<\/a>\n\t\t\t\t<\/div>\n\t\t\t\t\t\t\t\t<\/div>\n\t\t\t\t<\/div>\n\t\t\t\t\t<\/div>\n\t\t\t\t<\/div>\n\t\t<div class=\"elementor-element elementor-element-d8b507d e-flex e-con-boxed e-con e-parent\" data-id=\"d8b507d\" data-element_type=\"container\">\n\t\t\t\t\t<div class=\"e-con-inner\">\n\t\t\t\t<div class=\"elementor-element elementor-element-6b93e44 elementor-widget elementor-widget-text-editor\" data-id=\"6b93e44\" data-element_type=\"widget\" data-widget_type=\"text-editor.default\">\n\t\t\t\t<div class=\"elementor-widget-container\">\n\t\t\t\t\t\t\t\t\t<h2>\u00dcber \"Kindness for Kitties e.V.\":<\/h2><p>Kindness for Kitties e.V. ist ein Tierschutzverein, der im Mai 2024 in Bochum gegr\u00fcndet wurde.<\/p><p>Gem\u00e4\u00df dem Motto \u201eIn a world where you can be anything, be kind.\u201d (\u00fcbersetzt: \u201eIn einer Welt, in der du alles sein kannst, sei herzlich.\u201c) m\u00f6chten wir uns mit diesem Verein daf\u00fcr einsetzen Tieren, insbesondere den Tieren, die wir als Menschen domestiziert und von uns abh\u00e4ngig gemacht haben, mit Empathie und Mitgef\u00fchl zu begegnen. Wir machen es uns zur Aufgabe, das Leid der unz\u00e4hligen Stra\u00dfenkatzen weltweit zu verringern und diejenigen Menschen zu unterst\u00fctzen, die entgegen politischer, \u00f6konomischer und sozialer Hindernisse mit unvergleichlicher Hingabe tagt\u00e4glich f\u00fcr den Schutz und das Wohlergehen dieser Tiere k\u00e4mpfen. Dieses Ziel k\u00f6nnen wir nur gemeinschaftlich erreichen. Daher bitten wir alle Tierfreunde, uns in unserem Bestreben zu unterst\u00fctzen. Wir sind der Meinung, dass es wichtig ist, Tierschutz auch \u00fcber die Grenzen von L\u00e4ndern und Kontinenten hinweg zu leben und als Menschheit gemeinsam Verantwortung zu \u00fcbernehmen, um unschuldige Tiere vor Leid und Gewalt zu bewahren.<\/p><p>Wir wollen Tierretter auf der ganzen Welt durch Spendenaktionen, Werbeveranstaltungen und durch die St\u00e4rkung des Bewusstseins f\u00fcr die t\u00e4glichen Herausforderungen der Streunerkatzen, Tierschutzorganisationen und privaten Katzenretter unterst\u00fctzen. Unsere Arbeit ist ausschlie\u00dflich gemeinn\u00fctzig. Denjenigen, die spenden m\u00f6chten, geben wir die Sicherheit, dass die von uns unterst\u00fctzten Tierretter vertrauensw\u00fcrdig sind und dass alle Spenden, die an sie weitergeleitet werden, ausschlie\u00dflich f\u00fcr die Pflege und Behandlung der geretteten Katzen sowie f\u00fcr Kastrations-Programme verwendet werden.<\/p><p>Wir haben ein Online-Portal eingerichtet, auf dem sich Tierretter registrieren und ihre Katzen f\u00fcr Spendenaktionen hochladen k\u00f6nnen. Die Spenden k\u00f6nnen \u00fcber unsere Fundraiser auf betterplace.org eingehen, oder direkt an Kindness for Kitties e.V. gehen und dann als externe Spenden auf betterplace.org eingetragen werden. Auf diese Weise k\u00f6nnt ihr immer den aktuellen Stand f\u00fcr alle auf unserer Seite gelisteten Katzen sehen. Die Spenden werden in regelm\u00e4\u00dfigen Abst\u00e4nden \u00fcber WISE an unsere Rescuer weitergeleitet. Au\u00dferdem bereiten wir den Erwerb der Erlaubnis nach \u00a711 des deutschen Tierschutzgesetzes vor, um die Rescuer auch bei der Suche nach geeigneten Adoptanten in Deutschland zu unterst\u00fctzen und alles N\u00f6tige f\u00fcr den Reise- und Adoptionsprozess zu organisieren.<\/p>\t\t\t\t\t\t\t\t<\/div>\n\t\t\t\t<\/div>\n\t\t\t\t<div class=\"elementor-element elementor-element-86cfe9b elementor-widget elementor-widget-spacer\" data-id=\"86cfe9b\" data-element_type=\"widget\" data-widget_type=\"spacer.default\">\n\t\t\t\t<div class=\"elementor-widget-container\">\n\t\t\t\t\t\t\t<div class=\"elementor-spacer\">\n\t\t\t<div class=\"elementor-spacer-inner\"><\/div>\n\t\t<\/div>\n\t\t\t\t\t\t<\/div>\n\t\t\t\t<\/div>\n\t\t\t\t\t<\/div>\n\t\t\t\t<\/div>\n\t\t<div class=\"elementor-element elementor-element-6624cb7 e-flex e-con-boxed e-con e-parent\" data-id=\"6624cb7\" data-element_type=\"container\">\n\t\t\t\t\t<div class=\"e-con-inner\">\n\t\t<div class=\"elementor-element elementor-element-458bf6d e-con-full e-flex e-con e-child\" data-id=\"458bf6d\" data-element_type=\"container\">\n\t\t\t\t<div class=\"elementor-element elementor-element-1b2f58e elementor-widget__width-initial elementor-widget elementor-widget-image\" data-id=\"1b2f58e\" data-element_type=\"widget\" data-widget_type=\"image.default\">\n\t\t\t\t<div class=\"elementor-widget-container\">\n\t\t\t\t\t\t\t\t\t\t\t\t\t\t\t<img fetchpriority=\"high\" decoding=\"async\" width=\"1024\" height=\"784\" src=\"https:\/\/kindnessforkitties.charity\/wp-content\/uploads\/2025\/02\/Bearbeitetes-Bild-fur-Website-zugeschnitten-1024x784.jpg\" class=\"attachment-large size-large wp-image-1190\" alt=\"1st chairwoman Zoe with a stray cat that is crawling into her lap at the seaside in Bursa, Turkey\" srcset=\"https:\/\/kindnessforkitties.charity\/wp-content\/uploads\/2025\/02\/Bearbeitetes-Bild-fur-Website-zugeschnitten-1024x784.jpg 1024w, https:\/\/kindnessforkitties.charity\/wp-content\/uploads\/2025\/02\/Bearbeitetes-Bild-fur-Website-zugeschnitten-300x230.jpg 300w, https:\/\/kindnessforkitties.charity\/wp-content\/uploads\/2025\/02\/Bearbeitetes-Bild-fur-Website-zugeschnitten-768x588.jpg 768w, https:\/\/kindnessforkitties.charity\/wp-content\/uploads\/2025\/02\/Bearbeitetes-Bild-fur-Website-zugeschnitten-1536x1177.jpg 1536w, https:\/\/kindnessforkitties.charity\/wp-content\/uploads\/2025\/02\/Bearbeitetes-Bild-fur-Website-zugeschnitten-2048x1569.jpg 2048w, https:\/\/kindnessforkitties.charity\/wp-content\/uploads\/2025\/02\/Bearbeitetes-Bild-fur-Website-zugeschnitten-16x12.jpg 16w\" sizes=\"(max-width: 1024px) 100vw, 1024px\" \/>\t\t\t\t\t\t\t\t\t\t\t\t\t\t\t<\/div>\n\t\t\t\t<\/div>\n\t\t\t\t<\/div>\n\t\t<div class=\"elementor-element elementor-element-9b34df1 e-con-full e-flex e-con e-child\" data-id=\"9b34df1\" data-element_type=\"container\">\n\t\t\t\t<div class=\"elementor-element elementor-element-db15273 elementor-widget elementor-widget-text-editor\" data-id=\"db15273\" data-element_type=\"widget\" data-widget_type=\"text-editor.default\">\n\t\t\t\t<div class=\"elementor-widget-container\">\n\t\t\t\t\t\t\t\t\t<p><span style=\"color: #e6e6e6;\">Hallo, ich bin Zoe. Ich bin die Urheberin dieser Website und Mitgr\u00fcnderin des Tierschutzvereins \"Kindness for Kitties\". Ich lebe in Deutschland, wo ich bis vor kurzem in Vollzeit als \u00c4rztin im Krankenhaus gearbeitet habe. Ich war schon immer eine Tier- und vor allem eine Katzenliebhaberin. Als ich mein Studium abgeschlossen hatte und in meine erste eigene Wohnung gezogen bin, habe ich \u00fcber eine Tierschutzorganisation meine beiden Kater aus Spanien adoptiert. (Sie f\u00fchren jetzt ein gl\u00fcckliches und verw\u00f6hntes Leben mit vielen Leckerchen und einem immer gr\u00f6\u00dfer werdenden Katzenkletterparadies.) Ich bin eine starke Bef\u00fcrworterin der Tiervermittlung statt Zucht, da ich glaube, dass es auf dieser Welt bereits zu viele tolle Tiere gibt, die ein gutes Zuhause brauchen.<\/span><\/p><p class=\"has-palette-color-5-color\"><span style=\"color: #e6e6e6;\">Ich habe dieses Projekt ins Leben gerufen, um das Bewusstsein f\u00fcr die Realit\u00e4t von Stra\u00dfenkatzen und die Arbeit von Tierrettern weltweit zu st\u00e4rken, nachdem ich eine Gemeinschaft von Tierrettern auf Instagram entdeckt habe.<\/span><span style=\"color: #e6e6e6;\"> Diese gutherzigen Menschen geben ihr Bestes, um kranke und verletzte Stra\u00dfenkatzen zu versorgen und ausgesetzten Katzen zu helfen. Viele dieser Tierretter haben ihre eigenen finanziellen M\u00f6glichkeiten weit \u00fcberschritten und nutzen daher Instagram, um Spenden zu sammeln, um die vielen bed\u00fcrftigen Katzen weiterhin behandeln zu k\u00f6nnen.<\/span><br \/><span style=\"color: #e6e6e6;\">Es freut mich zu sehen, wie Menschen sich so sehr um Tiere k\u00fcmmern, die auf uns angewiesen sind, aber gleichzeitig bricht es mir auch das Herz, das Leid zu sehen, das diese Tiere ertragen m\u00fcssen, und den Missbrauch, der einigen dieser Katzen widerf\u00e4hrt. Es hat mich dazu bewogen, mehr zu tun, als nur zu spenden. Ich wollte Teil von etwas Gr\u00f6\u00dferem werden und mein Bestes geben. <\/span><\/p>\t\t\t\t\t\t\t\t<\/div>\n\t\t\t\t<\/div>\n\t\t\t\t<\/div>\n\t\t\t\t\t<\/div>\n\t\t\t\t<\/div>\n\t\t<div class=\"elementor-element elementor-element-f0dbb02 e-flex e-con-boxed e-con e-parent\" data-id=\"f0dbb02\" data-element_type=\"container\">\n\t\t\t\t\t<div class=\"e-con-inner\">\n\t\t\t\t<div class=\"elementor-element elementor-element-045b898 elementor-widget elementor-widget-heading\" data-id=\"045b898\" data-element_type=\"widget\" data-widget_type=\"heading.default\">\n\t\t\t\t<div class=\"elementor-widget-container\">\n\t\t\t\t\t<h2 class=\"elementor-heading-title elementor-size-default\">Wie kannst du Kindness for Kitties e.V. unterst\u00fctzen?<\/h2>\t\t\t\t<\/div>\n\t\t\t\t<\/div>\n\t\t\t\t<div class=\"elementor-element elementor-element-b31f373 elementor-widget elementor-widget-text-editor\" data-id=\"b31f373\" data-element_type=\"widget\" data-widget_type=\"text-editor.default\">\n\t\t\t\t<div class=\"elementor-widget-container\">\n\t\t\t\t\t\t\t\t\t<h4><a href=\"https:\/\/kindnessforkitties.charity\/de\/how-to-become-a-member\/\">Werde Mitglied von Kindness for Kitties e.V.<\/a><\/h4><p>Der Mitgliedsbeitrag betr\u00e4gt nur 25 \u20ac pro Jahr (zahlbar j\u00e4hrlich oder halbj\u00e4hrlich) und hilft uns, den Verein am Laufen zu halten und weiter auszubauen. Wir haben viele Pl\u00e4ne f\u00fcr die Zukunft, die wir gerne umsetzen m\u00f6chten. Mit mehr Mitgliedern, die uns unterst\u00fctzen, und mehr finanziellen Mitteln k\u00f6nnen wir in Zukunft noch mehr f\u00fcr Stra\u00dfenaktzen in Not tun.<\/p><p>Du kannst dich online anmelden oder das Anmeldeformular ausdrucken, ausf\u00fcllen und per E-Mail oder Post an uns senden.<\/p><h4>Folge unserem <a href=\"https:\/\/www.instagram.com\/kindness.for.kitties.ev\/?igsh=NTQ3MXYzdjVlZ3Ru\">Instagram account<\/a> und interagiere auf unsere post, um uns dabei zu helfen, noch mehr Tierfreunde zu erreichen<\/h4><p>In der heutigen Zeit sind die sozialen Medien ein wirkungsvolles Instrument, um Gleichgesinnte zu erreichen und Unterst\u00fctzung zu gewinnen. Derzeit nutzen wir haupts\u00e4chlich Instagram, um f\u00fcr unser Projekt zu werben. Auf Instagram informieren wir unsere Follower \u00fcber bevorstehende Aktionen und versuchen, neue Spender zu gewinnen. Dort sind auch die meisten unserer Rescuer aktiv, um ihre Follower \u00fcber die Katzen in ihrer Obhut zu informieren und um Hilfe in Form von Spenden zu bitten.<\/p><h4>Spende f\u00fcr unsere Rescuer auf <a href=\"https:\/\/www.betterplace.org\/de\/organisations\/60066-kindness-for-kitties-e-v\">betterplace.org<\/a> oder direkt an unser Spendenkonto<\/h4><p>Unser Hauptziel ist es nat\u00fcrlich, Katzen in Not zu helfen, indem wir Spenden sammeln, mit denen Kastrationen, Impfungen, andere medizinische Behandlungen und die Kosten f\u00fcr Futter (sowohl f\u00fcr Katzenkolonien als auch f\u00fcr Katzen, die aufgenommen wurden und von den Rescuern in ihren H\u00e4usern versorgt werden), Streu und Vorsorgeuntersuchungen finanziert werden. Wir versuchen hierbei, jede kommunale Hilfe oder tier\u00e4rztliche Rabatte zu nutzen und tun unser Bestes, um auch den Verlust durch Geb\u00fchren (von betterplace oder WISE) so niedrig wie m\u00f6glich zu halten, um so die Wirksamkeit eurer Spenden zu maximieren. Die meisten Spenden gehen \u00fcber betterplace.org ein, wo ihr automatisch eine Spendenquittung erhaltet, damit ihr die Spenden in Ihrer Steuererkl\u00e4rung geltend machen k\u00f6nnt.<\/p><h4>Unterst\u00fctze uns durch einen Einkauf auf unserem <a href=\"https:\/\/www.etsy.com\/de\/shop\/KindnessforKitties?ref=shop-header-name&amp;listing_id=4341700790&amp;from_page=listing&amp;sort_order=date_desc\">Etsy shop<\/a> (wobei der gesmte Gewinn an den Verein geht) oder indem du \u00fcber unser Partnerprogramm bei Amazon einkauft (wo wir dann eine kleine Provision von deinem Einkauf erhalten).<\/h4><p>Wir sind st\u00e4ndig auf der Suche nach neuen Wegen, um Unterst\u00fctzung zu gewinnen und neue Menschen zu erreichen. Wir haben handgefertigte Produkte und Kunstwerke vor Ort bei unserem Charity Event verkauft und dachten uns: Warum nicht einen Online-Shop einrichten, um an Katzenliebhaber in ganz Deutschland zu verkaufen? Du erh\u00e4lst ein sch\u00f6nes handgefertigtes Produkt und wir haben eine weitere Einnahmequelle f\u00fcr unseren Verein. Zuerst haben wir eine Pr\u00e4sentationsseite f\u00fcr diese Artikel auf kindnessforkitties.com eingerichtet, aber haben dann erkannt, dass das Bewerben unserer Produkte auf einer bereits etablierten Website eine h\u00f6here Chance hat, neue Menschen f\u00fcr uns zu gewinnen.<\/p><p>Wir haben ein offizielles Kleingewerbe angemeldet, um \u00fcber Etsy verkaufen zu k\u00f6nnen, und hoffen, dass auf diese Art und Weise mehr Menschen von Kindness for Kitties e.V. erfahren und uns durch den Kauf unserer Produkte unterst\u00fctzen. Abgesehen von den Kunstdrucken sind alle Artikel (einschlie\u00dflich der Originalkunstwerke) bereits produziert worden. Die Produktfotos, die ihr auf Etsy seht, wurden mit Hilfe eines professionellen Produktfotografen gemacht, der uns seine Zeit und M\u00fche gespendet hat. Die Materialkosten wurden (f\u00fcr die meisten Artikel) von der Person \u00fcbernommen, die die Artikel hergestellt hat, oder durch Mitgliedsbeitr\u00e4ge (f\u00fcr die T-Shirts) gedeckt, sodass abgesehen von den Versandkosten und der geringen Etsy-Geb\u00fchr der gesamte Verkufsbetrag an Kindness for Kitties e.V. und unsere Rescuer geht. Alle Einnahmen aus diesem Kleingewerbe werden an den Verein gespendet.<\/p><p>Ein \u00e4hnlicher Gedankengang hat uns dazu bewogen, das Amazon-Partnerprogramm auszuprobieren. Viele \nInfluencer nutzen Affiliate-Links, um Produkte zu bewerben und Provisionen aus Verk\u00e4ufen zu erhalten. Wir m\u00f6chten Artikel empfehlen, die f\u00fcr Tierhalter n\u00fctzlich sind, und die Provisionen aus Verk\u00e4ufen \u00fcber unsere Affiliate-Links dazu verwenden, weitere Werbeaktionen zu finanzieren und unsere Rescuer zus\u00e4tzlich zu unterst\u00fctzen. Wir freuen uns auch wenn ihr Empfehlungen habt f\u00fcr Produkte, die wir in unsere Liste aufnehmen sollten. Wenn ihr \u00fcber unsere Affilitae-Links bei Amazon einkauft, k\u00f6nnt ihr mit eurem Online-Einkauf ohne gro\u00dfen Aufwand zus\u00e4tzlich Stra\u00dfenkatzen in Not helfen.<\/p>\t\t\t\t\t\t\t\t<\/div>\n\t\t\t\t<\/div>\n\t\t<div class=\"elementor-element elementor-element-68522be e-grid e-con-full e-con e-child\" data-id=\"68522be\" data-element_type=\"container\">\n\t\t\t\t<\/div>\n\t\t\t\t\t<\/div>\n\t\t\t\t<\/div>\n\t\t\t\t<\/div>","protected":false},"excerpt":{"rendered":"<p>In a world where you can be anything, be kind. Donate to Kindness for Kitties e.V. About &#8220;Kindness for Kitties e.V.&#8221;: Kindness for Kitties e.V. is an animal welfare association, founded in Bochum, in May 2024. In accordance with our motto &#8220;In a world where you can be anything, be kind.&#8221;, we want to show [&hellip;]<\/p>","protected":false},"author":1,"featured_media":0,"parent":0,"menu_order":0,"comment_status":"closed","ping_status":"closed","template":"","meta":{"footnotes":""},"class_list":["post-13","page","type-page","status-publish","hentry"],"blocksy_meta":[],"_links":{"self":[{"href":"https:\/\/kindnessforkitties.charity\/de\/wp-json\/wp\/v2\/pages\/13","targetHints":{"allow":["GET"]}}],"collection":[{"href":"https:\/\/kindnessforkitties.charity\/de\/wp-json\/wp\/v2\/pages"}],"about":[{"href":"https:\/\/kindnessforkitties.charity\/de\/wp-json\/wp\/v2\/types\/page"}],"author":[{"embeddable":true,"href":"https:\/\/kindnessforkitties.charity\/de\/wp-json\/wp\/v2\/users\/1"}],"replies":[{"embeddable":true,"href":"https:\/\/kindnessforkitties.charity\/de\/wp-json\/wp\/v2\/comments?post=13"}],"version-history":[{"count":92,"href":"https:\/\/kindnessforkitties.charity\/de\/wp-json\/wp\/v2\/pages\/13\/revisions"}],"predecessor-version":[{"id":1960,"href":"https:\/\/kindnessforkitties.charity\/de\/wp-json\/wp\/v2\/pages\/13\/revisions\/1960"}],"wp:attachment":[{"href":"https:\/\/kindnessforkitties.charity\/de\/wp-json\/wp\/v2\/media?parent=13"}],"curies":[{"name":"wp","href":"https:\/\/api.w.org\/{rel}","templated":true}]}}